{"id":228,"date":"2021-03-01T06:47:24","date_gmt":"2021-03-01T09:47:24","guid":{"rendered":"http:\/\/engemetalica.com.br\/?page_id=228"},"modified":"2024-02-01T12:41:27","modified_gmt":"2024-02-01T15:41:27","slug":"pintura-2","status":"publish","type":"page","link":"http:\/\/engemetalica.com.br\/index.php\/pintura-2\/","title":{"rendered":"Pintura"},"content":{"rendered":"\t\t<div data-elementor-type=\"wp-page\" data-elementor-id=\"228\" class=\"elementor elementor-228\">\n\t\t\t\t\t\t<section class=\"elementor-section elementor-top-section elementor-element elementor-element-8c2d332 elementor-section-boxed elementor-section-height-default elementor-section-height-default\" data-id=\"8c2d332\" data-element_type=\"section\">\n\t\t\t\t\t\t<div class=\"elementor-container elementor-column-gap-no\">\n\t\t\t\t\t<div class=\"elementor-column elementor-col-50 elementor-top-column elementor-element elementor-element-22a67ab9\" data-id=\"22a67ab9\" data-element_type=\"column\">\n\t\t\t<div class=\"elementor-widget-wrap elementor-element-populated\">\n\t\t\t\t\t\t<div class=\"elementor-element elementor-element-61e8c558 elementor-widget elementor-widget-text-editor\" data-id=\"61e8c558\" data-element_type=\"widget\" data-widget_type=\"text-editor.default\">\n\t\t\t\t<div class=\"elementor-widget-container\">\n\t\t\t\t\t\t\t<p>Realizamos tratamento anticorrosivo e pintura industrial, destacando-se o tratamento e pintura de estruturas met\u00e1licas, tubula\u00e7\u00e3o e equipamentos em geral para diversos segmentos industriais, protegendo e padronizando o ambiente fabril das ind\u00fastrias. O servi\u00e7o pode ser feito em materiais rec\u00e9m instalados e tamb\u00e9m naqueles que demandam manuten\u00e7\u00e3o. Para atender os clientes com mais qualidade e efic\u00e1cia, nossos profissionais est\u00e3o sempre em busca de novas t\u00e9cnicas, que garantam maior qualidade e efici\u00eancia do servi\u00e7o.<\/p>\t\t\t\t\t\t<\/div>\n\t\t\t\t<\/div>\n\t\t\t\t\t<\/div>\n\t\t<\/div>\n\t\t\t\t<div class=\"elementor-column elementor-col-50 elementor-top-column elementor-element elementor-element-187f06ae\" data-id=\"187f06ae\" data-element_type=\"column\">\n\t\t\t<div class=\"elementor-widget-wrap elementor-element-populated\">\n\t\t\t\t\t\t<div class=\"elementor-element elementor-element-f87d59 elementor-widget elementor-widget-image\" data-id=\"f87d59\" data-element_type=\"widget\" data-widget_type=\"image.default\">\n\t\t\t\t<div class=\"elementor-widget-container\">\n\t\t\t\t\t\t\t\t\t\t\t\t\t<img fetchpriority=\"high\" decoding=\"async\" width=\"800\" height=\"557\" src=\"http:\/\/engemetalica.com.br\/wp-content\/uploads\/2021\/02\/Oportunidade-de-emprego-para-pintor-industrial.jpg\" class=\"attachment-large size-large wp-image-112\" alt=\"\" srcset=\"http:\/\/engemetalica.com.br\/wp-content\/uploads\/2021\/02\/Oportunidade-de-emprego-para-pintor-industrial.jpg 800w, http:\/\/engemetalica.com.br\/wp-content\/uploads\/2021\/02\/Oportunidade-de-emprego-para-pintor-industrial-300x209.jpg 300w, http:\/\/engemetalica.com.br\/wp-content\/uploads\/2021\/02\/Oportunidade-de-emprego-para-pintor-industrial-768x535.jpg 768w\" sizes=\"(max-width: 800px) 100vw, 800px\" \/>\t\t\t\t\t\t\t\t\t\t\t\t\t<\/div>\n\t\t\t\t<\/div>\n\t\t\t\t\t<\/div>\n\t\t<\/div>\n\t\t\t\t\t<\/div>\n\t\t<\/section>\n\t\t\t\t<section class=\"elementor-section elementor-top-section elementor-element elementor-element-aff77e9 elementor-section-boxed elementor-section-height-default elementor-section-height-default\" data-id=\"aff77e9\" data-element_type=\"section\">\n\t\t\t\t\t\t<div class=\"elementor-container elementor-column-gap-default\">\n\t\t\t\t\t<div class=\"elementor-column elementor-col-100 elementor-top-column elementor-element elementor-element-059d479\" data-id=\"059d479\" data-element_type=\"column\">\n\t\t\t<div class=\"elementor-widget-wrap elementor-element-populated\">\n\t\t\t\t\t\t<div class=\"elementor-element elementor-element-c93cf8c elementor-widget elementor-widget-text-editor\" data-id=\"c93cf8c\" data-element_type=\"widget\" data-widget_type=\"text-editor.default\">\n\t\t\t\t<div class=\"elementor-widget-container\">\n\t\t\t\t\t\t\t<ul><li>Tratamento, jateamento e galvaniza\u00e7\u00e3o a fogo<\/li><li>Pintura anti-corrosiva em tubula\u00e7\u00f5es e estruturas met\u00e1licas.<\/li><li>Pinturas prediais internas e externas<\/li><\/ul>\t\t\t\t\t\t<\/div>\n\t\t\t\t<\/div>\n\t\t\t\t\t<\/div>\n\t\t<\/div>\n\t\t\t\t\t<\/div>\n\t\t<\/section>\n\t\t\t\t<section class=\"elementor-section elementor-top-section elementor-element elementor-element-4f10308e elementor-section-content-middle elementor-section-stretched elementor-section-boxed elementor-section-height-default elementor-section-height-default\" data-id=\"4f10308e\" data-element_type=\"section\" data-settings=\"{&quot;background_background&quot;:&quot;classic&quot;,&quot;stretch_section&quot;:&quot;section-stretched&quot;}\">\n\t\t\t\t\t\t<div class=\"elementor-container elementor-column-gap-no\">\n\t\t\t\t\t<div class=\"elementor-column elementor-col-100 elementor-top-column elementor-element elementor-element-21d9aadf\" data-id=\"21d9aadf\" data-element_type=\"column\">\n\t\t\t<div class=\"elementor-widget-wrap elementor-element-populated\">\n\t\t\t\t\t\t<div class=\"elementor-element elementor-element-410b1f9f elementor-widget elementor-widget-heading\" data-id=\"410b1f9f\" data-element_type=\"widget\" data-widget_type=\"heading.default\">\n\t\t\t\t<div class=\"elementor-widget-container\">\n\t\t\t<h2 class=\"elementor-heading-title elementor-size-default\">Fale com nossa equipe<\/h2>\t\t<\/div>\n\t\t\t\t<\/div>\n\t\t\t\t<div class=\"elementor-element elementor-element-3e8e58ba elementor-align-center elementor-widget elementor-widget-button\" data-id=\"3e8e58ba\" data-element_type=\"widget\" data-widget_type=\"button.default\">\n\t\t\t\t<div class=\"elementor-widget-container\">\n\t\t\t\t\t<div class=\"elementor-button-wrapper\">\n\t\t\t<a class=\"elementor-button elementor-button-link elementor-size-sm elementor-animation-grow\" href=\"https:\/\/api.whatsapp.com\/send\/?phone=558532192159&#038;text=Ol%C3%A1+gostaria+de+informa%C3%A7%C3%B5es+sobre+a+Engemetalica%2C+pode+me+ajudar%3F+Vim+pelo+site.&#038;type=phone_number&#038;app_absent=0\">\n\t\t\t\t\t\t<span class=\"elementor-button-content-wrapper\">\n\t\t\t\t\t\t<span class=\"elementor-button-text\">clique aqui<\/span>\n\t\t<\/span>\n\t\t\t\t\t<\/a>\n\t\t<\/div>\n\t\t\t\t<\/div>\n\t\t\t\t<\/div>\n\t\t\t\t\t<\/div>\n\t\t<\/div>\n\t\t\t\t\t<\/div>\n\t\t<\/section>\n\t\t\t\t<\/div>\n\t\t","protected":false},"excerpt":{"rendered":"<p>Realizamos tratamento anticorrosivo e pintura industrial, destacando-se o tratamento e pintura de estruturas met\u00e1licas, tubula\u00e7\u00e3o e equipamentos em geral para diversos segmentos industriais, protegendo e padronizando o ambiente fabril das ind\u00fastrias. O servi\u00e7o pode ser feito em materiais rec\u00e9m instalados e tamb\u00e9m naqueles que demandam manuten\u00e7\u00e3o. Para atender os clientes com mais qualidade e efic\u00e1cia,&hellip; <br \/> <a class=\"read-more\" href=\"http:\/\/engemetalica.com.br\/index.php\/pintura-2\/\">Read more<\/a><\/p>\n","protected":false},"author":1,"featured_media":0,"parent":0,"menu_order":0,"comment_status":"closed","ping_status":"closed","template":"","meta":{"footnotes":""},"_links":{"self":[{"href":"http:\/\/engemetalica.com.br\/index.php\/wp-json\/wp\/v2\/pages\/228"}],"collection":[{"href":"http:\/\/engemetalica.com.br\/index.php\/wp-json\/wp\/v2\/pages"}],"about":[{"href":"http:\/\/engemetalica.com.br\/index.php\/wp-json\/wp\/v2\/types\/page"}],"author":[{"embeddable":true,"href":"http:\/\/engemetalica.com.br\/index.php\/wp-json\/wp\/v2\/users\/1"}],"replies":[{"embeddable":true,"href":"http:\/\/engemetalica.com.br\/index.php\/wp-json\/wp\/v2\/comments?post=228"}],"version-history":[{"count":22,"href":"http:\/\/engemetalica.com.br\/index.php\/wp-json\/wp\/v2\/pages\/228\/revisions"}],"predecessor-version":[{"id":723,"href":"http:\/\/engemetalica.com.br\/index.php\/wp-json\/wp\/v2\/pages\/228\/revisions\/723"}],"wp:attachment":[{"href":"http:\/\/engemetalica.com.br\/index.php\/wp-json\/wp\/v2\/media?parent=228"}],"curies":[{"name":"wp","href":"https:\/\/api.w.org\/{rel}","templated":true}]}}