{"id":230,"date":"2021-03-01T06:44:48","date_gmt":"2021-03-01T09:44:48","guid":{"rendered":"http:\/\/engemetalica.com.br\/?page_id=230"},"modified":"2024-01-19T11:05:10","modified_gmt":"2024-01-19T14:05:10","slug":"mao-de-obra-especializada","status":"publish","type":"page","link":"http:\/\/engemetalica.com.br\/index.php\/mao-de-obra-especializada\/","title":{"rendered":"M\u00e3o de obra especializada"},"content":{"rendered":"\t\t<div data-elementor-type=\"wp-page\" data-elementor-id=\"230\" class=\"elementor elementor-230\">\n\t\t\t\t\t\t<section class=\"elementor-section elementor-top-section elementor-element elementor-element-c4d1207 elementor-section-boxed elementor-section-height-default elementor-section-height-default\" data-id=\"c4d1207\" data-element_type=\"section\">\n\t\t\t\t\t\t<div class=\"elementor-container elementor-column-gap-default\">\n\t\t\t\t\t<div class=\"elementor-column elementor-col-66 elementor-top-column elementor-element elementor-element-a734f23\" data-id=\"a734f23\" data-element_type=\"column\">\n\t\t\t<div class=\"elementor-widget-wrap elementor-element-populated\">\n\t\t\t\t\t\t<div class=\"elementor-element elementor-element-a1524e0 elementor-widget elementor-widget-text-editor\" data-id=\"a1524e0\" data-element_type=\"widget\" data-widget_type=\"text-editor.default\">\n\t\t\t\t<div class=\"elementor-widget-container\">\n\t\t\t\t\t\t\t<ul><li>Engenheiros, Civil, Mec\u00e2nico, Eletricista e Calculista<\/li><li>Encarregados de manuten\u00e7\u00e3o<\/li><li>Projetista Industrial e Civil<\/li><li>T\u00e9cnicos em Edifica\u00e7\u00f5es, Mec\u00e2nica, El\u00e9trica, Automa\u00e7\u00e3o e Seguran\u00e7a do trabalho<\/li><li>Inspetores de soldagem, Ultrassom e L\u00edquidos penetrantes<\/li><li>Mec\u00e2nicos de manuten\u00e7\u00e3o, Caldeireiros, Soldadores, Serralheiros, Encanadores e Montadores industriais<\/li><li>Pedreiros, Pintores, Auxiliares de manuten\u00e7\u00e3o, entre outros<\/li><\/ul>\t\t\t\t\t\t<\/div>\n\t\t\t\t<\/div>\n\t\t\t\t\t<\/div>\n\t\t<\/div>\n\t\t\t\t<div class=\"elementor-column elementor-col-33 elementor-top-column elementor-element elementor-element-58b3bb1\" data-id=\"58b3bb1\" data-element_type=\"column\">\n\t\t\t<div class=\"elementor-widget-wrap elementor-element-populated\">\n\t\t\t\t\t\t<div class=\"elementor-element elementor-element-732fd456 elementor-widget elementor-widget-image\" data-id=\"732fd456\" data-element_type=\"widget\" data-widget_type=\"image.default\">\n\t\t\t\t<div class=\"elementor-widget-container\">\n\t\t\t\t\t\t\t\t\t\t\t\t\t<img fetchpriority=\"high\" decoding=\"async\" width=\"768\" height=\"525\" src=\"http:\/\/engemetalica.com.br\/wp-content\/uploads\/2021\/02\/maodeopra-768x525.png\" class=\"attachment-medium_large size-medium_large wp-image-114\" alt=\"\" srcset=\"http:\/\/engemetalica.com.br\/wp-content\/uploads\/2021\/02\/maodeopra-768x525.png 768w, http:\/\/engemetalica.com.br\/wp-content\/uploads\/2021\/02\/maodeopra-300x205.png 300w, http:\/\/engemetalica.com.br\/wp-content\/uploads\/2021\/02\/maodeopra.png 1024w\" sizes=\"(max-width: 768px) 100vw, 768px\" \/>\t\t\t\t\t\t\t\t\t\t\t\t\t<\/div>\n\t\t\t\t<\/div>\n\t\t\t\t\t<\/div>\n\t\t<\/div>\n\t\t\t\t\t<\/div>\n\t\t<\/section>\n\t\t\t\t<section class=\"elementor-section elementor-top-section elementor-element elementor-element-11641b46 elementor-section-content-middle elementor-section-stretched elementor-section-boxed elementor-section-height-default elementor-section-height-default\" data-id=\"11641b46\" data-element_type=\"section\" data-settings=\"{&quot;background_background&quot;:&quot;classic&quot;,&quot;stretch_section&quot;:&quot;section-stretched&quot;}\">\n\t\t\t\t\t\t<div class=\"elementor-container elementor-column-gap-no\">\n\t\t\t\t\t<div class=\"elementor-column elementor-col-100 elementor-top-column elementor-element elementor-element-43319b\" data-id=\"43319b\" data-element_type=\"column\">\n\t\t\t<div class=\"elementor-widget-wrap elementor-element-populated\">\n\t\t\t\t\t\t<div class=\"elementor-element elementor-element-16dbc745 elementor-widget elementor-widget-heading\" data-id=\"16dbc745\" data-element_type=\"widget\" data-widget_type=\"heading.default\">\n\t\t\t\t<div class=\"elementor-widget-container\">\n\t\t\t<h2 class=\"elementor-heading-title elementor-size-default\">Fale com nossa equipe<\/h2>\t\t<\/div>\n\t\t\t\t<\/div>\n\t\t\t\t<div class=\"elementor-element elementor-element-7bd68500 elementor-align-center elementor-widget elementor-widget-button\" data-id=\"7bd68500\" data-element_type=\"widget\" data-widget_type=\"button.default\">\n\t\t\t\t<div class=\"elementor-widget-container\">\n\t\t\t\t\t<div class=\"elementor-button-wrapper\">\n\t\t\t<a class=\"elementor-button elementor-button-link elementor-size-sm elementor-animation-grow\" href=\"https:\/\/api.whatsapp.com\/send?phone=558532192159&#038;text=Ol%C3%A1,%20busco%20atendimento,%20pode%20me%20ajudar?\">\n\t\t\t\t\t\t<span class=\"elementor-button-content-wrapper\">\n\t\t\t\t\t\t<span class=\"elementor-button-text\">clique aqui<\/span>\n\t\t<\/span>\n\t\t\t\t\t<\/a>\n\t\t<\/div>\n\t\t\t\t<\/div>\n\t\t\t\t<\/div>\n\t\t\t\t\t<\/div>\n\t\t<\/div>\n\t\t\t\t\t<\/div>\n\t\t<\/section>\n\t\t\t\t<\/div>\n\t\t","protected":false},"excerpt":{"rendered":"<p>Engenheiros, Civil, Mec\u00e2nico, Eletricista e Calculista Encarregados de manuten\u00e7\u00e3o Projetista Industrial e Civil T\u00e9cnicos em Edifica\u00e7\u00f5es, Mec\u00e2nica, El\u00e9trica, Automa\u00e7\u00e3o e Seguran\u00e7a do trabalho Inspetores de soldagem, Ultrassom e L\u00edquidos penetrantes Mec\u00e2nicos de manuten\u00e7\u00e3o, Caldeireiros, Soldadores, Serralheiros, Encanadores e Montadores industriais Pedreiros, Pintores, Auxiliares de manuten\u00e7\u00e3o, entre outros Fale com nossa equipe clique aqui<\/p>\n","protected":false},"author":1,"featured_media":0,"parent":0,"menu_order":0,"comment_status":"closed","ping_status":"closed","template":"","meta":{"footnotes":""},"_links":{"self":[{"href":"http:\/\/engemetalica.com.br\/index.php\/wp-json\/wp\/v2\/pages\/230"}],"collection":[{"href":"http:\/\/engemetalica.com.br\/index.php\/wp-json\/wp\/v2\/pages"}],"about":[{"href":"http:\/\/engemetalica.com.br\/index.php\/wp-json\/wp\/v2\/types\/page"}],"author":[{"embeddable":true,"href":"http:\/\/engemetalica.com.br\/index.php\/wp-json\/wp\/v2\/users\/1"}],"replies":[{"embeddable":true,"href":"http:\/\/engemetalica.com.br\/index.php\/wp-json\/wp\/v2\/comments?post=230"}],"version-history":[{"count":23,"href":"http:\/\/engemetalica.com.br\/index.php\/wp-json\/wp\/v2\/pages\/230\/revisions"}],"predecessor-version":[{"id":711,"href":"http:\/\/engemetalica.com.br\/index.php\/wp-json\/wp\/v2\/pages\/230\/revisions\/711"}],"wp:attachment":[{"href":"http:\/\/engemetalica.com.br\/index.php\/wp-json\/wp\/v2\/media?parent=230"}],"curies":[{"name":"wp","href":"https:\/\/api.w.org\/{rel}","templated":true}]}}